	{"id":229,"date":"2025-09-24T19:37:12","date_gmt":"2025-09-24T19:37:12","guid":{"rendered":"https:\/\/tramuncan.cat\/?page_id=229"},"modified":"2025-09-25T15:39:51","modified_gmt":"2025-09-25T15:39:51","slug":"qui-som","status":"publish","type":"page","link":"https:\/\/tramuncan.cat\/?page_id=229","title":{"rendered":"Qui som"},"content":{"rendered":"\n<p><strong><a href=\"https:\/\/www.instagram.com\/tramuncan\" target=\"_blank\" rel=\"noreferrer noopener\">TRAMUNCAN <\/a><\/strong>\u00e9s la uni\u00f3 de tres associacions: <strong>Arrelats a la Muga<\/strong>, <strong>Cor de la Muga<\/strong> i <strong>Fundaci\u00f3 Anxova Peluda<\/strong>.<\/p>\n\n\n\n<p>Neix amb l\u2019objectiu d\u2019organitzar un Canicr\u00f2s Popular Solidari l\u2019any 2026.<\/p>\n\n\n\n<p>Durant aquest temps anirem compartint not\u00edcies sobre recorreguts, quilometratges i opcions tant per c\u00f3rrer com per caminar.<\/p>\n\n\n\n<p>\ud83d\udc49 Aquest any farem un primer tast, una caminada solid\u00e0ria el 12 d\u2019octubre, i tots els fons recaptats es repartiran entre les tres entitats:<\/p>\n\n\n\n<ul class=\"wp-block-list\">\n<li><strong>Cor de la Muga<\/strong> i l\u2019<strong>Anxova Peluda<\/strong>: ajuda als animals sense sostre <\/li>\n\n\n\n<li><strong>Arrelats a la Muga<\/strong>: projectes mediambientals a la vall de la Muga <\/li>\n<\/ul>\n\n\n\n<p><strong>TRAMUNCAN <\/strong>\u00e9s esport, natura i solidaritat, units per una mateixa causa.<\/p>\n\n\n\n<p>.<\/p>\n\n\n\n<p><\/p>\n\n\n\n<h2 class=\"wp-block-heading\">\ud83c\udf31<em><a href=\"https:\/\/www.instagram.com\/arrelats_alamuga\/\" target=\"_blank\" rel=\"noreferrer noopener\">ARRELATS A LA MUGA<\/a><\/em><\/h2>\n\n\n\n<p>\u00c9s una associaci\u00f3 esportiva i cultural nascuda l\u2019abril de l\u2019any 2019. Des de la seva posada en funcionament ha organitzat romeries, confer\u00e8ncies, sardanes i altres actuacions diverses, en la seva vessant m\u00e9s cultural. Dins l\u2019\u00e0mbit esportiu ha realitzat marxes a peu nocturnes, curses de muntanya, excursions i guiatges.<\/p>\n\n\n\n<p>Dins del marc de defensa de la natura i del territori ha impulsat campanyes de neteja al nostre entorn, voluntariats amb altres entitats del poble i tamb\u00e9 amb municipis ve\u00efns.<\/p>\n\n\n\n<p>Per acabar, en l\u2019\u00e0mbit d\u2019actuaci\u00f3 hist\u00f2ric, ha escrit publicacions a la seva p\u00e0gina web i ha organitzat confer\u00e8ncies i itineraris referents a Sant Lloren\u00e7 de la Muga i la seva hist\u00f2ria.<\/p>\n\n\n\n<p><strong>Arrelats a la Muga<\/strong> pret\u00e9n acostar-te a l\u2019entorn de Sant Lloren\u00e7 de la Muga; Ja sigui per con\u00e8ixer-lo una mica millor, per descobrir-lo o per aprendre a gaudir-lo i cuidar-lo.<\/p>\n\n\n\n<p>.<\/p>\n\n\n\n<p><\/p>\n\n\n\n<h2 class=\"wp-block-heading\">\ud83d\udc31<em><a href=\"https:\/\/www.instagram.com\/cor_de_la_muga\/\" target=\"_blank\" rel=\"noreferrer noopener\">ASSOCIACI\u00d3 COR DE LA MUGA<\/a><\/em><\/h2>\n\n\n\n<p>Des de <strong>Cor de la Muga<\/strong> cuidem i protegim animals del poble.<\/p>\n\n\n\n<p>Som un grup de voluntaris que ens dediquem a la protecci\u00f3 d&#8217;animals en situaci\u00f3 d&#8217;aband\u00f3 i a la cura de les col\u00f2nies felines locals, promovent l&#8217;esterilitzaci\u00f3, el rescat i l&#8217;adopci\u00f3 responsable. <\/p>\n\n\n\n<p>Tamb\u00e9 fomentem la conviv\u00e8ncia respectuosa amb els gats del carrer.<\/p>\n\n\n\n<p>.<\/p>\n\n\n\n<p><\/p>\n\n\n\n<h2 class=\"wp-block-heading\"> \ud83d\udc36<em><a href=\"https:\/\/www.instagram.com\/anxovapeluda\/\" target=\"_blank\" rel=\"noreferrer noopener\">FUNDACI\u00d3 ANXOVA PELUDA<\/a><\/em><\/h2>\n\n\n\n<p>Som una protectora sense refugi gestionada per persones volunt\u00e0ries. De l&#8217;Escala desde 2014, amb els anys s&#8217;ha anat fent gran i actua per tota la zona de l&#8217;Alt Empord\u00e0. A l&#8217;<strong>Anxova Peluda <\/strong>funcionem amb cases d&#8217;acollida. Tots els diners els destinem a pagar despeses veterin\u00e0ries i de manutenci\u00f3.<\/p>\n\n\n\n<p>Les nostres principals tasques son: <\/p>\n\n\n\n<p>Atendre les necessitats dels gossos maltractats, abandonats i\/o perduts.<\/p>\n\n\n\n<p>&#8211; Buscar llars d\u2019adopci\u00f3 i segones oportunitats a tots els gossos<\/p>\n\n\n\n<p>&#8211;\u00a0Vetllar per a la identificaci\u00f3 dels animals que arriben a la protectora <\/p>\n\n\n\n<p>&#8211; Col\u00b7laborar amb professionals del sector del can\u00ed<\/p>\n\n\n\n<p>&#8211; Ajudar en l\u2019educaci\u00f3 de nenes i nens fent xerrades en escoles explicant la nostra tasca <\/p>\n\n\n\n<p>i la import\u00e0ncia de la tinen\u00e7a responsable<\/p>\n\n\n\n<p><\/p>\n\n\n\n<p><\/p>\n\n\n\n<p><\/p>\n\n\n\n<p>.<\/p>\n\n\n\n<p><\/p>\n\n\n\n<p><\/p>\n","protected":false},"excerpt":{"rendered":"<p>TRAMUNCAN \u00e9s la uni\u00f3 de tres associacions: Arrelats a la Muga, Cor de la Muga i Fundaci\u00f3 Anxova Peluda. Neix amb l\u2019objectiu d\u2019organitzar un Canicr\u00f2s Popular Solidari l\u2019any 2026. Durant aquest temps anirem compartint not\u00edcies sobre recorreguts, quilometratges i opcions tant per c\u00f3rrer com per caminar. \ud83d\udc49 Aquest any farem un primer tast, una caminada &hellip; <\/p>\n<p class=\"link-more\"><a href=\"https:\/\/tramuncan.cat\/?page_id=229\" class=\"more-link\">Continue reading<span class=\"screen-reader-text\"> &#8220;Qui som&#8221;<\/span><\/a><\/p>\n","protected":false},"author":1,"featured_media":0,"parent":0,"menu_order":0,"comment_status":"closed","ping_status":"closed","template":"","meta":{"footnotes":""},"class_list":["post-229","page","type-page","status-publish","hentry"],"_links":{"self":[{"href":"https:\/\/tramuncan.cat\/index.php?rest_route=\/wp\/v2\/pages\/229","targetHints":{"allow":["GET"]}}],"collection":[{"href":"https:\/\/tramuncan.cat\/index.php?rest_route=\/wp\/v2\/pages"}],"about":[{"href":"https:\/\/tramuncan.cat\/index.php?rest_route=\/wp\/v2\/types\/page"}],"author":[{"embeddable":true,"href":"https:\/\/tramuncan.cat\/index.php?rest_route=\/wp\/v2\/users\/1"}],"replies":[{"embeddable":true,"href":"https:\/\/tramuncan.cat\/index.php?rest_route=%2Fwp%2Fv2%2Fcomments&post=229"}],"version-history":[{"count":25,"href":"https:\/\/tramuncan.cat\/index.php?rest_route=\/wp\/v2\/pages\/229\/revisions"}],"predecessor-version":[{"id":286,"href":"https:\/\/tramuncan.cat\/index.php?rest_route=\/wp\/v2\/pages\/229\/revisions\/286"}],"wp:attachment":[{"href":"https:\/\/tramuncan.cat\/index.php?rest_route=%2Fwp%2Fv2%2Fmedia&parent=229"}],"curies":[{"name":"wp","href":"https:\/\/api.w.org\/{rel}","templated":true}]}}